{"id":43,"date":"2021-03-12T10:01:59","date_gmt":"2021-03-12T10:01:59","guid":{"rendered":"http:\/\/eccuo.online\/webayuntamiento\/?page_id=43"},"modified":"2022-07-20T10:59:16","modified_gmt":"2022-07-20T10:59:16","slug":"inicio","status":"publish","type":"page","link":"https:\/\/juventud.cordoba.es\/escaparatedeartejoven\/","title":{"rendered":"Disciplinas"},"content":{"rendered":"\t\t<div data-elementor-type=\"wp-page\" data-elementor-id=\"43\" class=\"elementor elementor-43\" data-elementor-settings=\"[]\">\n\t\t\t\t\t\t\t<div class=\"elementor-section-wrap\">\n\t\t\t\t\t\t\t<section class=\"elementor-section elementor-top-section elementor-element elementor-element-54bf7ca elementor-section-boxed elementor-section-height-default elementor-section-height-default\" data-id=\"54bf7ca\" data-element_type=\"section\" data-settings=\"{&quot;background_background&quot;:&quot;classic&quot;}\">\n\t\t\t\t\t\t<div class=\"elementor-container elementor-column-gap-default\">\n\t\t\t\t\t<div class=\"elementor-column elementor-col-50 elementor-top-column elementor-element elementor-element-3028c5a\" data-id=\"3028c5a\" data-element_type=\"column\">\n\t\t\t<div class=\"elementor-widget-wrap elementor-element-populated\">\n\t\t\t\t\t\t\t\t<div class=\"elementor-element elementor-element-211c055 elementor-widget elementor-widget-shortcode\" data-id=\"211c055\" data-element_type=\"widget\" data-widget_type=\"shortcode.default\">\n\t\t\t\t<div class=\"elementor-widget-container\">\n\t\t\t\t\t<div class=\"elementor-shortcode\"><form role=\"search\" method=\"get\" class=\"search-form\" action=\"https:\/\/juventud.cordoba.es\/escaparatedeartejoven\/\">\n\t\t\t\t<label>\n\t\t\t\t\t<span class=\"screen-reader-text\">Buscar:<\/span>\n\t\t\t\t\t<input type=\"search\" class=\"search-field\" placeholder=\"Buscar &hellip;\" value=\"\" name=\"s\" \/>\n\t\t\t\t<\/label>\n\t\t\t\t<input type=\"submit\" class=\"search-submit\" value=\"Buscar\" \/>\n\t\t\t<input type=\"hidden\" name=\"id\" value=\"182\" \/><input type=\"hidden\" name=\"post_type\" value=\"post\" \/><\/form><\/div>\n\t\t\t\t<\/div>\n\t\t\t\t<\/div>\n\t\t\t\t\t<\/div>\n\t\t<\/div>\n\t\t\t\t<div class=\"elementor-column elementor-col-25 elementor-top-column elementor-element elementor-element-155e3ee\" data-id=\"155e3ee\" data-element_type=\"column\">\n\t\t\t<div class=\"elementor-widget-wrap elementor-element-populated\">\n\t\t\t\t\t\t\t\t<div class=\"elementor-element elementor-element-135f069 elementor-align-right elementor-mobile-align-center elementor-widget elementor-widget-button\" data-id=\"135f069\" data-element_type=\"widget\" data-widget_type=\"button.default\">\n\t\t\t\t<div class=\"elementor-widget-container\">\n\t\t\t\t\t<div class=\"elementor-button-wrapper\">\n\t\t\t<a href=\"https:\/\/juventud.cordoba.es\/escaparatedeartejoven\/\" class=\"elementor-button-link elementor-button elementor-size-sm\" role=\"button\">\n\t\t\t\t\t\t<span class=\"elementor-button-content-wrapper\">\n\t\t\t\t\t\t<span class=\"elementor-button-text\">Disciplinas<\/span>\n\t\t<\/span>\n\t\t\t\t\t<\/a>\n\t\t<\/div>\n\t\t\t\t<\/div>\n\t\t\t\t<\/div>\n\t\t\t\t\t<\/div>\n\t\t<\/div>\n\t\t\t\t<div class=\"elementor-column elementor-col-25 elementor-top-column elementor-element elementor-element-6a8f9c7\" data-id=\"6a8f9c7\" data-element_type=\"column\">\n\t\t\t<div class=\"elementor-widget-wrap elementor-element-populated\">\n\t\t\t\t\t\t\t\t<div class=\"elementor-element elementor-element-3210605 elementor-align-right elementor-tablet-align-left elementor-mobile-align-center elementor-widget elementor-widget-button\" data-id=\"3210605\" data-element_type=\"widget\" data-widget_type=\"button.default\">\n\t\t\t\t<div class=\"elementor-widget-container\">\n\t\t\t\t\t<div class=\"elementor-button-wrapper\">\n\t\t\t<a href=\"https:\/\/juventud.cordoba.es\/escaparatedeartejoven\/artistas\/\" class=\"elementor-button-link elementor-button elementor-size-sm\" role=\"button\">\n\t\t\t\t\t\t<span class=\"elementor-button-content-wrapper\">\n\t\t\t\t\t\t<span class=\"elementor-button-text\">Artistas<\/span>\n\t\t<\/span>\n\t\t\t\t\t<\/a>\n\t\t<\/div>\n\t\t\t\t<\/div>\n\t\t\t\t<\/div>\n\t\t\t\t\t<\/div>\n\t\t<\/div>\n\t\t\t\t\t\t\t<\/div>\n\t\t<\/section>\n\t\t\t\t<section class=\"elementor-section elementor-top-section elementor-element elementor-element-3b2534b elementor-section-boxed elementor-section-height-default elementor-section-height-default\" data-id=\"3b2534b\" data-element_type=\"section\" id=\"disciplinas\" data-settings=\"{&quot;background_background&quot;:&quot;classic&quot;}\">\n\t\t\t\t\t\t<div class=\"elementor-container elementor-column-gap-default\">\n\t\t\t\t\t<div class=\"elementor-column elementor-col-100 elementor-top-column elementor-element elementor-element-16c374c\" data-id=\"16c374c\" data-element_type=\"column\">\n\t\t\t<div class=\"elementor-widget-wrap elementor-element-populated\">\n\t\t\t\t\t\t\t\t<div class=\"elementor-element elementor-element-c8ee9ba elementor-widget elementor-widget-shortcode\" data-id=\"c8ee9ba\" data-element_type=\"widget\" data-widget_type=\"shortcode.default\">\n\t\t\t\t<div class=\"elementor-widget-container\">\n\t\t\t\t\t<div class=\"elementor-shortcode\"><style>.wp-show-posts-columns#wpsp-70 {margin-left: -2em; }.wp-show-posts-columns#wpsp-70 .wp-show-posts-inner {margin: 0 0 2em 2em; }<\/style><section id=\"wpsp-70\" class=\" wp-show-posts-columns wp-show-posts\" style=\"\"><article class=\" wp-show-posts-single post-817 post type-post status-publish format-standard has-post-thumbnail hentry category-disciplinas wpsp-col-3\" itemtype=\"http:\/\/schema.org\/CreativeWork\" itemscope><div class=\"wp-show-posts-inner\" style=\"\">\t\t<div class=\"wp-show-posts-image  wpsp-image-center \">\n\t\t\t<a href=\"https:\/\/juventud.cordoba.es\/escaparatedeartejoven\/ilustracion\/\"  title=\"Ilustraci\u00f3n\">\t\t\t\t\t<img decoding=\"async\" src=\"https:\/\/juventud.cordoba.es\/escaparatedeartejoven\/wp-content\/uploads\/2021\/03\/ilustracion-450x450.png\" alt=\"Ilustraci\u00f3n\" itemprop=\"image\" class=\"center\" \/>\n\t\t\t\t<\/a>\t\t<\/div>\n\t\t\t\t\t\t\t\t<header class=\"wp-show-posts-entry-header\">\n\t\t\t\t\t\t\t<h2 class=\"wp-show-posts-entry-title\" itemprop=\"headline\"><a href=\"https:\/\/juventud.cordoba.es\/escaparatedeartejoven\/ilustracion\/\" rel=\"bookmark\">Ilustraci\u00f3n<\/a><\/h2>\t\t\t\t\t\t<\/header><!-- .entry-header -->\n\t\t\t\t\t<\/div><!-- wp-show-posts-inner --><\/article><article class=\" wp-show-posts-single post-827 post type-post status-publish format-standard has-post-thumbnail hentry category-disciplinas wpsp-col-3\" itemtype=\"http:\/\/schema.org\/CreativeWork\" itemscope><div class=\"wp-show-posts-inner\" style=\"\">\t\t<div class=\"wp-show-posts-image  wpsp-image-center \">\n\t\t\t<a href=\"https:\/\/juventud.cordoba.es\/escaparatedeartejoven\/fotografia\/\"  title=\"Fotograf\u00eda\">\t\t\t\t\t<img decoding=\"async\" src=\"https:\/\/juventud.cordoba.es\/escaparatedeartejoven\/wp-content\/uploads\/2021\/03\/fotografia-450x450.png\" alt=\"Fotograf\u00eda\" itemprop=\"image\" class=\"center\" \/>\n\t\t\t\t<\/a>\t\t<\/div>\n\t\t\t\t\t\t\t\t<header class=\"wp-show-posts-entry-header\">\n\t\t\t\t\t\t\t<h2 class=\"wp-show-posts-entry-title\" itemprop=\"headline\"><a href=\"https:\/\/juventud.cordoba.es\/escaparatedeartejoven\/fotografia\/\" rel=\"bookmark\">Fotograf\u00eda<\/a><\/h2>\t\t\t\t\t\t<\/header><!-- .entry-header -->\n\t\t\t\t\t<\/div><!-- wp-show-posts-inner --><\/article><article class=\" wp-show-posts-single post-807 post type-post status-publish format-standard has-post-thumbnail hentry category-disciplinas wpsp-col-3\" itemtype=\"http:\/\/schema.org\/CreativeWork\" itemscope><div class=\"wp-show-posts-inner\" style=\"\">\t\t<div class=\"wp-show-posts-image  wpsp-image-center \">\n\t\t\t<a href=\"https:\/\/juventud.cordoba.es\/escaparatedeartejoven\/pintura\/\"  title=\"Pintura\">\t\t\t\t\t<img decoding=\"async\" src=\"https:\/\/juventud.cordoba.es\/escaparatedeartejoven\/wp-content\/uploads\/2021\/03\/pintura-450x450.png\" alt=\"Pintura\" itemprop=\"image\" class=\"center\" \/>\n\t\t\t\t<\/a>\t\t<\/div>\n\t\t\t\t\t\t\t\t<header class=\"wp-show-posts-entry-header\">\n\t\t\t\t\t\t\t<h2 class=\"wp-show-posts-entry-title\" itemprop=\"headline\"><a href=\"https:\/\/juventud.cordoba.es\/escaparatedeartejoven\/pintura\/\" rel=\"bookmark\">Pintura<\/a><\/h2>\t\t\t\t\t\t<\/header><!-- .entry-header -->\n\t\t\t\t\t<\/div><!-- wp-show-posts-inner --><\/article><article class=\" wp-show-posts-single post-32971 post type-post status-publish format-standard has-post-thumbnail hentry category-disciplinas wpsp-col-3\" itemtype=\"http:\/\/schema.org\/CreativeWork\" itemscope><div class=\"wp-show-posts-inner\" style=\"\">\t\t<div class=\"wp-show-posts-image  wpsp-image-center \">\n\t\t\t<a href=\"https:\/\/juventud.cordoba.es\/escaparatedeartejoven\/direccion-de-obras-y-decoracion\/\"  title=\"Direcci\u00f3n de obras y decoraci\u00f3n\">\t\t\t\t\t<img decoding=\"async\" src=\"https:\/\/juventud.cordoba.es\/escaparatedeartejoven\/wp-content\/uploads\/2021\/03\/obras-450x450.png\" alt=\"Direcci\u00f3n de obras y decoraci\u00f3n\" itemprop=\"image\" class=\"center\" \/>\n\t\t\t\t<\/a>\t\t<\/div>\n\t\t\t\t\t\t\t\t<header class=\"wp-show-posts-entry-header\">\n\t\t\t\t\t\t\t<h2 class=\"wp-show-posts-entry-title\" itemprop=\"headline\"><a href=\"https:\/\/juventud.cordoba.es\/escaparatedeartejoven\/direccion-de-obras-y-decoracion\/\" rel=\"bookmark\">Direcci\u00f3n de obras y decoraci\u00f3n<\/a><\/h2>\t\t\t\t\t\t<\/header><!-- .entry-header -->\n\t\t\t\t\t<\/div><!-- wp-show-posts-inner --><\/article><article class=\" wp-show-posts-single post-34121 post type-post status-publish format-standard has-post-thumbnail hentry category-disciplinas wpsp-col-3\" itemtype=\"http:\/\/schema.org\/CreativeWork\" itemscope><div class=\"wp-show-posts-inner\" style=\"\">\t\t<div class=\"wp-show-posts-image  wpsp-image-center \">\n\t\t\t<a href=\"https:\/\/juventud.cordoba.es\/escaparatedeartejoven\/arquitectura-efimera\/\"  title=\"Arquitectura ef\u00edmera\">\t\t\t\t\t<img decoding=\"async\" src=\"https:\/\/juventud.cordoba.es\/escaparatedeartejoven\/wp-content\/uploads\/2021\/03\/arquitectura-450x450.png\" alt=\"Arquitectura ef\u00edmera\" itemprop=\"image\" class=\"center\" \/>\n\t\t\t\t<\/a>\t\t<\/div>\n\t\t\t\t\t\t\t\t<header class=\"wp-show-posts-entry-header\">\n\t\t\t\t\t\t\t<h2 class=\"wp-show-posts-entry-title\" itemprop=\"headline\"><a href=\"https:\/\/juventud.cordoba.es\/escaparatedeartejoven\/arquitectura-efimera\/\" rel=\"bookmark\">Arquitectura ef\u00edmera<\/a><\/h2>\t\t\t\t\t\t<\/header><!-- .entry-header -->\n\t\t\t\t\t<\/div><!-- wp-show-posts-inner --><\/article><article class=\" wp-show-posts-single post-22926 post type-post status-publish format-standard has-post-thumbnail hentry category-disciplinas wpsp-col-3\" itemtype=\"http:\/\/schema.org\/CreativeWork\" itemscope><div class=\"wp-show-posts-inner\" style=\"\">\t\t<div class=\"wp-show-posts-image  wpsp-image-center \">\n\t\t\t<a href=\"https:\/\/juventud.cordoba.es\/escaparatedeartejoven\/vaciado-y-moldeado-artistico\/\"  title=\"Vaciado y moldeado art\u00edstico\">\t\t\t\t\t<img decoding=\"async\" src=\"https:\/\/juventud.cordoba.es\/escaparatedeartejoven\/wp-content\/uploads\/2021\/03\/modelado-450x450.png\" alt=\"Vaciado y moldeado art\u00edstico\" itemprop=\"image\" class=\"center\" \/>\n\t\t\t\t<\/a>\t\t<\/div>\n\t\t\t\t\t\t\t\t<header class=\"wp-show-posts-entry-header\">\n\t\t\t\t\t\t\t<h2 class=\"wp-show-posts-entry-title\" itemprop=\"headline\"><a href=\"https:\/\/juventud.cordoba.es\/escaparatedeartejoven\/vaciado-y-moldeado-artistico\/\" rel=\"bookmark\">Vaciado y moldeado art\u00edstico<\/a><\/h2>\t\t\t\t\t\t<\/header><!-- .entry-header -->\n\t\t\t\t\t<\/div><!-- wp-show-posts-inner --><\/article><article class=\" wp-show-posts-single post-10221 post type-post status-publish format-standard has-post-thumbnail hentry category-disciplinas wpsp-col-3\" itemtype=\"http:\/\/schema.org\/CreativeWork\" itemscope><div class=\"wp-show-posts-inner\" style=\"\">\t\t<div class=\"wp-show-posts-image  wpsp-image-center \">\n\t\t\t<a href=\"https:\/\/juventud.cordoba.es\/escaparatedeartejoven\/grafica-publicitaria\/\"  title=\"Gr\u00e1fica publicitaria\">\t\t\t\t\t<img decoding=\"async\" src=\"https:\/\/juventud.cordoba.es\/escaparatedeartejoven\/wp-content\/uploads\/2021\/03\/photo_2020-01-23-09.23.02-1-450x450.jpeg\" alt=\"Gr\u00e1fica publicitaria\" itemprop=\"image\" class=\"center\" \/>\n\t\t\t\t<\/a>\t\t<\/div>\n\t\t\t\t\t\t\t\t<header class=\"wp-show-posts-entry-header\">\n\t\t\t\t\t\t\t<h2 class=\"wp-show-posts-entry-title\" itemprop=\"headline\"><a href=\"https:\/\/juventud.cordoba.es\/escaparatedeartejoven\/grafica-publicitaria\/\" rel=\"bookmark\">Gr\u00e1fica publicitaria<\/a><\/h2>\t\t\t\t\t\t<\/header><!-- .entry-header -->\n\t\t\t\t\t<\/div><!-- wp-show-posts-inner --><\/article><article class=\" wp-show-posts-single post-31786 post type-post status-publish format-standard has-post-thumbnail hentry category-disciplinas category-orfebreria-y-plateria-artistica wpsp-col-3\" itemtype=\"http:\/\/schema.org\/CreativeWork\" itemscope><div class=\"wp-show-posts-inner\" style=\"\">\t\t<div class=\"wp-show-posts-image  wpsp-image-center \">\n\t\t\t<a href=\"https:\/\/juventud.cordoba.es\/escaparatedeartejoven\/orfebreria-y-plateria-artistica\/\"  title=\"Orfebrer\u00eda y plater\u00eda art\u00edstica\">\t\t\t\t\t<img decoding=\"async\" src=\"https:\/\/juventud.cordoba.es\/escaparatedeartejoven\/wp-content\/uploads\/2021\/03\/orfebreria-450x450.png\" alt=\"Orfebrer\u00eda y plater\u00eda art\u00edstica\" itemprop=\"image\" class=\"center\" \/>\n\t\t\t\t<\/a>\t\t<\/div>\n\t\t\t\t\t\t\t\t<header class=\"wp-show-posts-entry-header\">\n\t\t\t\t\t\t\t<h2 class=\"wp-show-posts-entry-title\" itemprop=\"headline\"><a href=\"https:\/\/juventud.cordoba.es\/escaparatedeartejoven\/orfebreria-y-plateria-artistica\/\" rel=\"bookmark\">Orfebrer\u00eda y plater\u00eda art\u00edstica<\/a><\/h2>\t\t\t\t\t\t<\/header><!-- .entry-header -->\n\t\t\t\t\t<\/div><!-- wp-show-posts-inner --><\/article><article class=\" wp-show-posts-single post-25911 post type-post status-publish format-standard has-post-thumbnail hentry category-disciplinas wpsp-col-3\" itemtype=\"http:\/\/schema.org\/CreativeWork\" itemscope><div class=\"wp-show-posts-inner\" style=\"\">\t\t<div class=\"wp-show-posts-image  wpsp-image-center \">\n\t\t\t<a href=\"https:\/\/juventud.cordoba.es\/escaparatedeartejoven\/ceramica-artistica\/\"  title=\"Cer\u00e1mica Art\u00edstica\">\t\t\t\t\t<img decoding=\"async\" src=\"https:\/\/juventud.cordoba.es\/escaparatedeartejoven\/wp-content\/uploads\/2021\/03\/ceramica-450x450.png\" alt=\"Cer\u00e1mica Art\u00edstica\" itemprop=\"image\" class=\"center\" \/>\n\t\t\t\t<\/a>\t\t<\/div>\n\t\t\t\t\t\t\t\t<header class=\"wp-show-posts-entry-header\">\n\t\t\t\t\t\t\t<h2 class=\"wp-show-posts-entry-title\" itemprop=\"headline\"><a href=\"https:\/\/juventud.cordoba.es\/escaparatedeartejoven\/ceramica-artistica\/\" rel=\"bookmark\">Cer\u00e1mica Art\u00edstica<\/a><\/h2>\t\t\t\t\t\t<\/header><!-- .entry-header -->\n\t\t\t\t\t<\/div><!-- wp-show-posts-inner --><\/article><article class=\" wp-show-posts-single post-10186 post type-post status-publish format-standard has-post-thumbnail hentry category-disciplinas category-serigrafia-artistica wpsp-col-3\" itemtype=\"http:\/\/schema.org\/CreativeWork\" itemscope><div class=\"wp-show-posts-inner\" style=\"\">\t\t<div class=\"wp-show-posts-image  wpsp-image-center \">\n\t\t\t<a href=\"https:\/\/juventud.cordoba.es\/escaparatedeartejoven\/creacion-literaria-2\/\"  title=\"Serigraf\u00eda art\u00edstica\">\t\t\t\t\t<img decoding=\"async\" src=\"https:\/\/juventud.cordoba.es\/escaparatedeartejoven\/wp-content\/uploads\/2021\/03\/serigrafia-450x450.png\" alt=\"Serigraf\u00eda art\u00edstica\" itemprop=\"image\" class=\"center\" \/>\n\t\t\t\t<\/a>\t\t<\/div>\n\t\t\t\t\t\t\t\t<header class=\"wp-show-posts-entry-header\">\n\t\t\t\t\t\t\t<h2 class=\"wp-show-posts-entry-title\" itemprop=\"headline\"><a href=\"https:\/\/juventud.cordoba.es\/escaparatedeartejoven\/creacion-literaria-2\/\" rel=\"bookmark\">Serigraf\u00eda art\u00edstica<\/a><\/h2>\t\t\t\t\t\t<\/header><!-- .entry-header -->\n\t\t\t\t\t<\/div><!-- wp-show-posts-inner --><\/article><article class=\" wp-show-posts-single post-857 post type-post status-publish format-standard has-post-thumbnail hentry category-disciplinas wpsp-col-3\" itemtype=\"http:\/\/schema.org\/CreativeWork\" itemscope><div class=\"wp-show-posts-inner\" style=\"\">\t\t<div class=\"wp-show-posts-image  wpsp-image-center \">\n\t\t\t<a href=\"https:\/\/juventud.cordoba.es\/escaparatedeartejoven\/creacion-literaria\/\"  title=\"Creaci\u00f3n literaria\">\t\t\t\t\t<img decoding=\"async\" src=\"https:\/\/juventud.cordoba.es\/escaparatedeartejoven\/wp-content\/uploads\/2021\/03\/literatura-450x450.png\" alt=\"Creaci\u00f3n literaria\" itemprop=\"image\" class=\"center\" \/>\n\t\t\t\t<\/a>\t\t<\/div>\n\t\t\t\t\t\t\t\t<header class=\"wp-show-posts-entry-header\">\n\t\t\t\t\t\t\t<h2 class=\"wp-show-posts-entry-title\" itemprop=\"headline\"><a href=\"https:\/\/juventud.cordoba.es\/escaparatedeartejoven\/creacion-literaria\/\" rel=\"bookmark\">Creaci\u00f3n literaria<\/a><\/h2>\t\t\t\t\t\t<\/header><!-- .entry-header -->\n\t\t\t\t\t<\/div><!-- wp-show-posts-inner --><\/article><article class=\" wp-show-posts-single post-842 post type-post status-publish format-standard has-post-thumbnail hentry category-disciplinas wpsp-col-3\" itemtype=\"http:\/\/schema.org\/CreativeWork\" itemscope><div class=\"wp-show-posts-inner\" style=\"\">\t\t<div class=\"wp-show-posts-image  wpsp-image-center \">\n\t\t\t<a href=\"https:\/\/juventud.cordoba.es\/escaparatedeartejoven\/diseno-grafico\/\"  title=\"Dise\u00f1o gr\u00e1fico\">\t\t\t\t\t<img decoding=\"async\" src=\"https:\/\/juventud.cordoba.es\/escaparatedeartejoven\/wp-content\/uploads\/2021\/03\/grafico-450x450.png\" alt=\"Dise\u00f1o gr\u00e1fico\" itemprop=\"image\" class=\"center\" \/>\n\t\t\t\t<\/a>\t\t<\/div>\n\t\t\t\t\t\t\t\t<header class=\"wp-show-posts-entry-header\">\n\t\t\t\t\t\t\t<h2 class=\"wp-show-posts-entry-title\" itemprop=\"headline\"><a href=\"https:\/\/juventud.cordoba.es\/escaparatedeartejoven\/diseno-grafico\/\" rel=\"bookmark\">Dise\u00f1o gr\u00e1fico<\/a><\/h2>\t\t\t\t\t\t<\/header><!-- .entry-header -->\n\t\t\t\t\t<\/div><!-- wp-show-posts-inner --><\/article><article class=\" wp-show-posts-single post-832 post type-post status-publish format-standard has-post-thumbnail hentry category-disciplinas category-escultura wpsp-col-3\" itemtype=\"http:\/\/schema.org\/CreativeWork\" itemscope><div class=\"wp-show-posts-inner\" style=\"\">\t\t<div class=\"wp-show-posts-image  wpsp-image-center \">\n\t\t\t<a href=\"https:\/\/juventud.cordoba.es\/escaparatedeartejoven\/escultura\/\"  title=\"Escultura\">\t\t\t\t\t<img decoding=\"async\" src=\"https:\/\/juventud.cordoba.es\/escaparatedeartejoven\/wp-content\/uploads\/2021\/03\/escultura-450x450.png\" alt=\"Escultura\" itemprop=\"image\" class=\"center\" \/>\n\t\t\t\t<\/a>\t\t<\/div>\n\t\t\t\t\t\t\t\t<header class=\"wp-show-posts-entry-header\">\n\t\t\t\t\t\t\t<h2 class=\"wp-show-posts-entry-title\" itemprop=\"headline\"><a href=\"https:\/\/juventud.cordoba.es\/escaparatedeartejoven\/escultura\/\" rel=\"bookmark\">Escultura<\/a><\/h2>\t\t\t\t\t\t<\/header><!-- .entry-header -->\n\t\t\t\t\t<\/div><!-- wp-show-posts-inner --><\/article><article class=\" wp-show-posts-single post-37551 post type-post status-publish format-standard has-post-thumbnail hentry category-disciplinas wpsp-col-3\" itemtype=\"http:\/\/schema.org\/CreativeWork\" itemscope><div class=\"wp-show-posts-inner\" style=\"\">\t\t<div class=\"wp-show-posts-image  wpsp-image-center \">\n\t\t\t<a href=\"https:\/\/juventud.cordoba.es\/escaparatedeartejoven\/comic\/\"  title=\"C\u00f3mic\">\t\t\t\t\t<img decoding=\"async\" src=\"https:\/\/juventud.cordoba.es\/escaparatedeartejoven\/wp-content\/uploads\/2021\/01\/comic-escaparate-450x450.jpg\" alt=\"C\u00f3mic\" itemprop=\"image\" class=\"center\" \/>\n\t\t\t\t<\/a>\t\t<\/div>\n\t\t\t\t\t\t\t\t<header class=\"wp-show-posts-entry-header\">\n\t\t\t\t\t\t\t<h2 class=\"wp-show-posts-entry-title\" itemprop=\"headline\"><a href=\"https:\/\/juventud.cordoba.es\/escaparatedeartejoven\/comic\/\" rel=\"bookmark\">C\u00f3mic<\/a><\/h2>\t\t\t\t\t\t<\/header><!-- .entry-header -->\n\t\t\t\t\t<\/div><!-- wp-show-posts-inner --><\/article><div class=\"wpsp-clear\"><\/div><\/section><!-- .wp-show-posts --><\/div>\n\t\t\t\t<\/div>\n\t\t\t\t<\/div>\n\t\t\t\t\t<\/div>\n\t\t<\/div>\n\t\t\t\t\t\t\t<\/div>\n\t\t<\/section>\n\t\t\t\t\t\t<\/div>\n\t\t\t\t\t<\/div>\n\t\t","protected":false},"excerpt":{"rendered":"<p>Disciplinas Artistas<\/p>\n","protected":false},"author":1,"featured_media":0,"parent":0,"menu_order":0,"comment_status":"closed","ping_status":"closed","template":"","meta":{"footnotes":""},"class_list":["post-43","page","type-page","status-publish","hentry"],"_links":{"self":[{"href":"https:\/\/juventud.cordoba.es\/escaparatedeartejoven\/wp-json\/wp\/v2\/pages\/43","targetHints":{"allow":["GET"]}}],"collection":[{"href":"https:\/\/juventud.cordoba.es\/escaparatedeartejoven\/wp-json\/wp\/v2\/pages"}],"about":[{"href":"https:\/\/juventud.cordoba.es\/escaparatedeartejoven\/wp-json\/wp\/v2\/types\/page"}],"author":[{"embeddable":true,"href":"https:\/\/juventud.cordoba.es\/escaparatedeartejoven\/wp-json\/wp\/v2\/users\/1"}],"replies":[{"embeddable":true,"href":"https:\/\/juventud.cordoba.es\/escaparatedeartejoven\/wp-json\/wp\/v2\/comments?post=43"}],"version-history":[{"count":201,"href":"https:\/\/juventud.cordoba.es\/escaparatedeartejoven\/wp-json\/wp\/v2\/pages\/43\/revisions"}],"predecessor-version":[{"id":13041,"href":"https:\/\/juventud.cordoba.es\/escaparatedeartejoven\/wp-json\/wp\/v2\/pages\/43\/revisions\/13041"}],"wp:attachment":[{"href":"https:\/\/juventud.cordoba.es\/escaparatedeartejoven\/wp-json\/wp\/v2\/media?parent=43"}],"curies":[{"name":"wp","href":"https:\/\/api.w.org\/{rel}","templated":true}]}}